{"id":1146,"date":"2024-05-17T16:39:28","date_gmt":"2024-05-17T16:39:28","guid":{"rendered":"https:\/\/demosites.royal-elementor-addons.com\/cleaning-v1\/?page_id=9"},"modified":"2024-10-02T21:09:26","modified_gmt":"2024-10-02T21:09:26","slug":"nosotros","status":"publish","type":"page","link":"https:\/\/cleanlife.cl\/index.php\/nosotros\/","title":{"rendered":"Nosotros"},"content":{"rendered":"\t\t<div data-elementor-type=\"wp-page\" data-elementor-id=\"1146\" class=\"elementor elementor-1146\">\n\t\t\t\t<div class=\"elementor-element elementor-element-ea72b01 e-flex e-con-boxed wpr-particle-no wpr-jarallax-no wpr-parallax-no wpr-sticky-section-no e-con e-parent\" data-id=\"ea72b01\" data-element_type=\"container\" data-e-type=\"container\" data-settings=\"{&quot;background_background&quot;:&quot;classic&quot;}\">\n\t\t\t\t\t<div class=\"e-con-inner\">\n\t\t\t\t<div class=\"elementor-element elementor-element-038fe64 elementor-widget elementor-widget-heading\" data-id=\"038fe64\" data-element_type=\"widget\" data-e-type=\"widget\" data-widget_type=\"heading.default\">\n\t\t\t\t<div class=\"elementor-widget-container\">\n\t\t\t\t\t<h2 class=\"elementor-heading-title elementor-size-default\">Nosotros<\/h2>\t\t\t\t<\/div>\n\t\t\t\t<\/div>\n\t\t\t\t<div class=\"elementor-element elementor-element-a4c9c3d elementor-widget elementor-widget-text-editor\" data-id=\"a4c9c3d\" data-element_type=\"widget\" data-e-type=\"widget\" data-widget_type=\"text-editor.default\">\n\t\t\t\t<div class=\"elementor-widget-container\">\n\t\t\t\t\t\t\t\t\t<p>Inicio <span class=\"the_copied_text\" style=\"color: #2589ff;\">\u00bb <\/span>Nosotros<\/p>\t\t\t\t\t\t\t\t<\/div>\n\t\t\t\t<\/div>\n\t\t\t\t\t<\/div>\n\t\t\t\t<\/div>\n\t\t<div class=\"elementor-element elementor-element-2e3aac3 e-flex e-con-boxed wpr-particle-no wpr-jarallax-no wpr-parallax-no wpr-sticky-section-no e-con e-parent\" data-id=\"2e3aac3\" data-element_type=\"container\" data-e-type=\"container\">\n\t\t\t\t\t<div class=\"e-con-inner\">\n\t\t<div class=\"elementor-element elementor-element-5b88409 elementor-hidden-tablet e-flex e-con-boxed wpr-particle-no wpr-jarallax-no wpr-parallax-no wpr-sticky-section-no e-con e-child\" data-id=\"5b88409\" data-element_type=\"container\" data-e-type=\"container\">\n\t\t\t\t\t<div class=\"e-con-inner\">\n\t\t\t\t<div class=\"elementor-element elementor-element-10c5b49 elementor-widget elementor-widget-heading\" data-id=\"10c5b49\" data-element_type=\"widget\" data-e-type=\"widget\" data-widget_type=\"heading.default\">\n\t\t\t\t<div class=\"elementor-widget-container\">\n\t\t\t\t\t<h2 class=\"elementor-heading-title elementor-size-default\">\u00bfQui\u00e9nes Somos?<\/h2>\t\t\t\t<\/div>\n\t\t\t\t<\/div>\n\t\t\t\t<div class=\"elementor-element elementor-element-c20e7d6 elementor-invisible elementor-widget elementor-widget-image\" data-id=\"c20e7d6\" data-element_type=\"widget\" data-e-type=\"widget\" data-settings=\"{&quot;_animation&quot;:&quot;fadeIn&quot;}\" data-widget_type=\"image.default\">\n\t\t\t\t<div class=\"elementor-widget-container\">\n\t\t\t\t\t\t\t\t\t\t\t\t\t\t\t<img fetchpriority=\"high\" decoding=\"async\" width=\"889\" height=\"1024\" src=\"https:\/\/cleanlife.cl\/wp-content\/uploads\/2024\/09\/IMG_6112-2.jpeg-889x1024.jpg\" class=\"attachment-large size-large wp-image-1258\" alt=\"\" srcset=\"https:\/\/cleanlife.cl\/wp-content\/uploads\/2024\/09\/IMG_6112-2.jpeg-889x1024.jpg 889w, https:\/\/cleanlife.cl\/wp-content\/uploads\/2024\/09\/IMG_6112-2.jpeg-260x300.jpg 260w, https:\/\/cleanlife.cl\/wp-content\/uploads\/2024\/09\/IMG_6112-2.jpeg-768x885.jpg 768w, https:\/\/cleanlife.cl\/wp-content\/uploads\/2024\/09\/IMG_6112-2.jpeg.jpg 1080w\" sizes=\"(max-width: 889px) 100vw, 889px\" \/>\t\t\t\t\t\t\t\t\t\t\t\t\t\t\t<\/div>\n\t\t\t\t<\/div>\n\t\t\t\t\t<\/div>\n\t\t\t\t<\/div>\n\t\t<div class=\"elementor-element elementor-element-3d1bc94 e-flex e-con-boxed wpr-particle-no wpr-jarallax-no wpr-parallax-no wpr-sticky-section-no elementor-invisible e-con e-child\" data-id=\"3d1bc94\" data-element_type=\"container\" data-e-type=\"container\" data-settings=\"{&quot;animation&quot;:&quot;slideInRight&quot;}\">\n\t\t\t\t\t<div class=\"e-con-inner\">\n\t\t\t\t<div class=\"elementor-element elementor-element-4a035a7 elementor-widget elementor-widget-text-editor\" data-id=\"4a035a7\" data-element_type=\"widget\" data-e-type=\"widget\" data-widget_type=\"text-editor.default\">\n\t\t\t\t<div class=\"elementor-widget-container\">\n\t\t\t\t\t\t\t\t\t<p>En\u00a0<b>Clean<\/b> <b>Life<\/b>, somos una empresa especializada en\u00a0<b>higiene ambiental<\/b>\u00a0y\u00a0<b>control de plagas<\/b>\u00a0con sede en Valdivia, que opera en todo el sur de Chile. Nos dedicamos a\u00a0<b>mantener ambientes limpios, saludables y libres de plagas<\/b>, ofreciendo soluciones r\u00e1pidas, efectivas y sostenibles, tanto para hogares como industrias. Con un equipo altamente capacitado y una pasi\u00f3n por la excelencia, utilizamos productos eco-amigables y tecnolog\u00eda avanzada para garantizar ambientes libres de plagas y siempre saludables.<\/p><p><b>Misi\u00f3n<\/b>: Brindar soluciones innovadoras y sostenibles en\u00a0<b>higiene ambiental<\/b>\u00a0y\u00a0<b>control de plagas<\/b>, asegurando la limpieza y la salud de los espacios de nuestros clientes. Nos comprometemos a garantizar la\u00a0<b>continuidad operacional<\/b>\u00a0de sus negocios y a mejorar su\u00a0<b>experiencia<\/b>\u00a0en cada servicio, siempre con un enfoque en el cuidado del medio ambiente.<\/p><p><b>Visi\u00f3n<\/b>: Ser la empresa l\u00edder en soluciones de\u00a0<b>higiene ambiental<\/b>\u00a0y\u00a0<b>control de plagas<\/b>\u00a0en el sur de Chile, reconocidos por nuestra excelencia en servicio, compromiso con la sostenibilidad y un enfoque de\u00a0<b>cero qu\u00edmico<\/b>\u00a0que asegura la\u00a0<b>continuidad operacional<\/b>\u00a0y la\u00a0<b>satisfacci\u00f3n<\/b>\u00a0de nuestros clientes.<\/p>\t\t\t\t\t\t\t\t<\/div>\n\t\t\t\t<\/div>\n\t\t\t\t\t<\/div>\n\t\t\t\t<\/div>\n\t\t\t\t\t<\/div>\n\t\t\t\t<\/div>\n\t\t<div class=\"elementor-element elementor-element-ed8b2aa e-flex e-con-boxed wpr-particle-no wpr-jarallax-no wpr-parallax-no wpr-sticky-section-no e-con e-parent\" data-id=\"ed8b2aa\" data-element_type=\"container\" data-e-type=\"container\">\n\t\t\t\t\t<div class=\"e-con-inner\">\n\t\t\t\t<div class=\"elementor-element elementor-element-0923883 elementor-widget elementor-widget-image\" data-id=\"0923883\" data-element_type=\"widget\" data-e-type=\"widget\" data-widget_type=\"image.default\">\n\t\t\t\t<div class=\"elementor-widget-container\">\n\t\t\t\t\t\t\t\t\t\t\t\t\t\t\t<img decoding=\"async\" width=\"960\" height=\"298\" src=\"https:\/\/cleanlife.cl\/wp-content\/uploads\/2024\/10\/nosmueve-1024x318.png\" class=\"attachment-large size-large wp-image-1346\" alt=\"\" srcset=\"https:\/\/cleanlife.cl\/wp-content\/uploads\/2024\/10\/nosmueve-1024x318.png 1024w, https:\/\/cleanlife.cl\/wp-content\/uploads\/2024\/10\/nosmueve-300x93.png 300w, https:\/\/cleanlife.cl\/wp-content\/uploads\/2024\/10\/nosmueve-768x238.png 768w, https:\/\/cleanlife.cl\/wp-content\/uploads\/2024\/10\/nosmueve-1536x476.png 1536w, https:\/\/cleanlife.cl\/wp-content\/uploads\/2024\/10\/nosmueve.png 1635w\" sizes=\"(max-width: 960px) 100vw, 960px\" \/>\t\t\t\t\t\t\t\t\t\t\t\t\t\t\t<\/div>\n\t\t\t\t<\/div>\n\t\t\t\t<div class=\"elementor-element elementor-element-e2fc521 elementor-widget elementor-widget-text-editor\" data-id=\"e2fc521\" data-element_type=\"widget\" data-e-type=\"widget\" data-widget_type=\"text-editor.default\">\n\t\t\t\t<div class=\"elementor-widget-container\">\n\t\t\t\t\t\t\t\t\t<ul><li><b>Excelencia<\/b>: Buscamos la mejora continua en todos nuestros servicios, garantizando la satisfacci\u00f3n del cliente.<\/li><li><b>Calidad<\/b>: Cumplimos con los m\u00e1s altos est\u00e1ndares en higiene y control de plagas, asegurando resultados efectivos y seguros.<\/li><li><b>Flexibilidad<\/b>: Nos adaptamos a las necesidades espec\u00edficas de cada cliente, ofreciendo soluciones personalizadas y \u00e1giles.<\/li><li><b>Cuidado del Medio Ambiente<\/b>: Comprometidos con pr\u00e1cticas sostenibles, implementamos un enfoque de\u00a0<b>cero qu\u00edmico<\/b>en nuestros servicios, protegiendo tanto la salud de las personas como el entorno natural.<\/li><\/ul>\t\t\t\t\t\t\t\t<\/div>\n\t\t\t\t<\/div>\n\t\t\t\t<div class=\"elementor-element elementor-element-66b0f61 elementor-widget elementor-widget-spacer\" data-id=\"66b0f61\" data-element_type=\"widget\" data-e-type=\"widget\" data-widget_type=\"spacer.default\">\n\t\t\t\t<div class=\"elementor-widget-container\">\n\t\t\t\t\t\t\t<div class=\"elementor-spacer\">\n\t\t\t<div class=\"elementor-spacer-inner\"><\/div>\n\t\t<\/div>\n\t\t\t\t\t\t<\/div>\n\t\t\t\t<\/div>\n\t\t\t\t<div class=\"elementor-element elementor-element-1d6eaf5 elementor-widget elementor-widget-heading\" data-id=\"1d6eaf5\" data-element_type=\"widget\" data-e-type=\"widget\" data-widget_type=\"heading.default\">\n\t\t\t\t<div class=\"elementor-widget-container\">\n\t\t\t\t\t<h2 class=\"elementor-heading-title elementor-size-default\">Nuestra Historia<\/h2>\t\t\t\t<\/div>\n\t\t\t\t<\/div>\n\t\t\t\t<div class=\"elementor-element elementor-element-932749d elementor-widget elementor-widget-text-editor\" data-id=\"932749d\" data-element_type=\"widget\" data-e-type=\"widget\" data-widget_type=\"text-editor.default\">\n\t\t\t\t<div class=\"elementor-widget-container\">\n\t\t\t\t\t\t\t\t\t<p>Clean Life fue fundada por\u00a0<b>Constanza D\u00edaz Hoffmann<\/b>\u00a0en 2017, impulsada por la necesidad de ofrecer soluciones efectivas a las personas que enfrentaban dificultades con la limpieza de sus hogares. Comenzamos con tecnolog\u00eda vanguardista en limpieza de tapices y pisos, siempre buscando la mejor manera de facilitar la vida a nuestros clientes.<\/p><p>A medida que crecimos, incorporamos tecnolog\u00edas innovadoras, como robots de limpieza de vidrios, para mejorar nuestros servicios. En 2021, mi marido,\u00a0<b>Pablo Salgado G.<\/b>, se uni\u00f3 a la empresa, aportando su experiencia y apoyo en el negocio. Juntos, expandimos nuestras operaciones hacia la l\u00ednea industrial, estableciendo contratos con diversas empresas y a\u00f1adiendo una nueva l\u00ednea de negocio enfocada en\u00a0<b>control de plagas<\/b>.<\/p><p>En 2022, decidimos transformar nuestro enfoque, pasando de un concepto tradicional de limpieza a uno m\u00e1s integral: la\u00a0<b>higiene ambiental<\/b>. Este cambio refleja nuestro compromiso con la innovaci\u00f3n y la sostenibilidad, buscando siempre productos que utilicen\u00a0<b>cero qu\u00edmicos<\/b>\u00a0y que cuiden tanto la salud de las personas como el medio ambiente.<\/p>\t\t\t\t\t\t\t\t<\/div>\n\t\t\t\t<\/div>\n\t\t\t\t<div class=\"elementor-element elementor-element-f5fd21a elementor-widget elementor-widget-spacer\" data-id=\"f5fd21a\" data-element_type=\"widget\" data-e-type=\"widget\" data-widget_type=\"spacer.default\">\n\t\t\t\t<div class=\"elementor-widget-container\">\n\t\t\t\t\t\t\t<div class=\"elementor-spacer\">\n\t\t\t<div class=\"elementor-spacer-inner\"><\/div>\n\t\t<\/div>\n\t\t\t\t\t\t<\/div>\n\t\t\t\t<\/div>\n\t\t\t\t<div class=\"elementor-element elementor-element-2a51c6e elementor-widget elementor-widget-heading\" data-id=\"2a51c6e\" data-element_type=\"widget\" data-e-type=\"widget\" data-widget_type=\"heading.default\">\n\t\t\t\t<div class=\"elementor-widget-container\">\n\t\t\t\t\t<h2 class=\"elementor-heading-title elementor-size-default\">Nuestro Equipo<\/h2>\t\t\t\t<\/div>\n\t\t\t\t<\/div>\n\t\t<div class=\"elementor-element elementor-element-8335a11 e-grid e-con-boxed wpr-particle-no wpr-jarallax-no wpr-parallax-no wpr-sticky-section-no e-con e-child\" data-id=\"8335a11\" data-element_type=\"container\" data-e-type=\"container\">\n\t\t\t\t\t<div class=\"e-con-inner\">\n\t\t\t\t<div class=\"elementor-element elementor-element-ef5b58a elementor-invisible elementor-widget elementor-widget-wpr-team-member\" data-id=\"ef5b58a\" data-element_type=\"widget\" data-e-type=\"widget\" data-settings=\"{&quot;_animation&quot;:&quot;zoomIn&quot;,&quot;_animation_delay&quot;:200}\" data-widget_type=\"wpr-team-member.default\">\n\t\t\t\t<div class=\"elementor-widget-container\">\n\t\t\t\t\t\n\t<div class=\"wpr-team-member\">\n\t\t\t\t\t\n\t\t\t<div class=\"wpr-member-media\">\n\t\t\t\t<div class=\"wpr-member-image\">\n\t\t\t\t\t<img decoding=\"async\" src=\"https:\/\/cleanlife.cl\/wp-content\/uploads\/2024\/10\/26.png\" alt=\"Constanza Diaz Hoffmann\">\n\t\t\t\t<\/div>\n\t\t\t\t\t\t\t<\/div>\n\t\t\t\t\n\t\t\n\t\t<div class=\"wpr-member-content\">\n\t\t\t<h3 class=\"wpr-member-name\">Constanza Diaz Hoffmann<\/h3>\n\t\t\t\n\t\t\t\t\t\t\t<div class=\"wpr-member-job\">CEO Fundadora<\/div>\n\t\t\t\n\t\t\t\n\t\t\t\t\t\t\n\t\t\t\t\t<\/div>\n\n\t\t\t<\/div>\n\n\t\t\t\t\t<\/div>\n\t\t\t\t<\/div>\n\t\t\t\t<div class=\"elementor-element elementor-element-6e99559 elementor-invisible elementor-widget elementor-widget-wpr-team-member\" data-id=\"6e99559\" data-element_type=\"widget\" data-e-type=\"widget\" data-settings=\"{&quot;_animation&quot;:&quot;zoomIn&quot;,&quot;_animation_delay&quot;:100}\" data-widget_type=\"wpr-team-member.default\">\n\t\t\t\t<div class=\"elementor-widget-container\">\n\t\t\t\t\t\n\t<div class=\"wpr-team-member\">\n\t\t\t\t\t\n\t\t\t<div class=\"wpr-member-media\">\n\t\t\t\t<div class=\"wpr-member-image\">\n\t\t\t\t\t<img decoding=\"async\" src=\"https:\/\/cleanlife.cl\/wp-content\/uploads\/elementor\/thumbs\/25-quzf959xsk1lhlf23t0j8dcexr9x0cq8a3lwel7b58.png\" alt=\"Alejandra Moreira Diaz\">\n\t\t\t\t<\/div>\n\t\t\t\t\t\t\t<\/div>\n\t\t\t\t\n\t\t\n\t\t<div class=\"wpr-member-content\">\n\t\t\t<h3 class=\"wpr-member-name\">Alejandra Moreira Diaz<\/h3>\n\t\t\t\n\t\t\t\t\t\t\t<div class=\"wpr-member-job\">Directora Biob\u00edo<\/div>\n\t\t\t\n\t\t\t\n\t\t\t\t\t\t\n\t\t\t\t\t<\/div>\n\n\t\t\t<\/div>\n\n\t\t\t\t\t<\/div>\n\t\t\t\t<\/div>\n\t\t\t\t<div class=\"elementor-element elementor-element-2e56904 elementor-invisible elementor-widget elementor-widget-wpr-team-member\" data-id=\"2e56904\" data-element_type=\"widget\" data-e-type=\"widget\" data-settings=\"{&quot;_animation&quot;:&quot;zoomIn&quot;,&quot;_animation_delay&quot;:0}\" data-widget_type=\"wpr-team-member.default\">\n\t\t\t\t<div class=\"elementor-widget-container\">\n\t\t\t\t\t\n\t<div class=\"wpr-team-member\">\n\t\t\t\t\t\n\t\t\t<div class=\"wpr-member-media\">\n\t\t\t\t<div class=\"wpr-member-image\">\n\t\t\t\t\t<img decoding=\"async\" src=\"https:\/\/cleanlife.cl\/wp-content\/uploads\/2024\/10\/24.png\" alt=\"Pablo Salgado Gomez\">\n\t\t\t\t<\/div>\n\t\t\t\t\t\t\t<\/div>\n\t\t\t\t\n\t\t\n\t\t<div class=\"wpr-member-content\">\n\t\t\t<h3 class=\"wpr-member-name\">Pablo Salgado Gomez<\/h3>\n\t\t\t\n\t\t\t\t\t\t\t<div class=\"wpr-member-job\">Innovaci\u00f3n y Desarrollo<\/div>\n\t\t\t\n\t\t\t\n\t\t\t\t\t\t\n\t\t\t\t\t<\/div>\n\n\t\t\t<\/div>\n\n\t\t\t\t\t<\/div>\n\t\t\t\t<\/div>\n\t\t\t\t\t<\/div>\n\t\t\t\t<\/div>\n\t\t\t\t\t<\/div>\n\t\t\t\t<\/div>\n\t\t<div class=\"elementor-element elementor-element-8ce67d8 e-flex e-con-boxed wpr-particle-no wpr-jarallax-no wpr-parallax-no wpr-sticky-section-no e-con e-parent\" data-id=\"8ce67d8\" data-element_type=\"container\" data-e-type=\"container\">\n\t\t\t\t\t<div class=\"e-con-inner\">\n\t\t\t\t<div class=\"elementor-element elementor-element-397365c elementor-widget elementor-widget-spacer\" data-id=\"397365c\" data-element_type=\"widget\" data-e-type=\"widget\" data-widget_type=\"spacer.default\">\n\t\t\t\t<div class=\"elementor-widget-container\">\n\t\t\t\t\t\t\t<div class=\"elementor-spacer\">\n\t\t\t<div class=\"elementor-spacer-inner\"><\/div>\n\t\t<\/div>\n\t\t\t\t\t\t<\/div>\n\t\t\t\t<\/div>\n\t\t\t\t\t<\/div>\n\t\t\t\t<\/div>\n\t\t\t\t<\/div>\n\t\t","protected":false},"excerpt":{"rendered":"<p>Nosotros Inicio \u00bb Nosotros \u00bfQui\u00e9nes Somos? En\u00a0Clean Life, somos una empresa especializada en\u00a0higiene ambiental\u00a0y\u00a0control de plagas\u00a0con sede en Valdivia, que opera en todo el sur de Chile. Nos dedicamos a\u00a0mantener ambientes limpios, saludables y libres de plagas, ofreciendo soluciones r\u00e1pidas, efectivas y sostenibles, tanto para hogares como industrias. Con un equipo altamente capacitado y una pasi\u00f3n por la excelencia, utilizamos productos eco-amigables y tecnolog\u00eda avanzada para garantizar ambientes libres de plagas y siempre saludables. Misi\u00f3n: Brindar soluciones innovadoras y sostenibles en\u00a0higiene ambiental\u00a0y\u00a0control de plagas, asegurando la limpieza y la salud de los espacios de nuestros clientes. Nos comprometemos a garantizar la\u00a0continuidad operacional\u00a0de sus negocios y a mejorar su\u00a0experiencia\u00a0en cada servicio, siempre con un enfoque en el cuidado del medio ambiente. Visi\u00f3n: Ser la empresa l\u00edder en soluciones de\u00a0higiene ambiental\u00a0y\u00a0control de plagas\u00a0en el sur de Chile, reconocidos por nuestra excelencia en servicio, compromiso con la sostenibilidad y un enfoque de\u00a0cero qu\u00edmico\u00a0que asegura la\u00a0continuidad operacional\u00a0y la\u00a0satisfacci\u00f3n\u00a0de nuestros clientes. Excelencia: Buscamos la mejora continua en todos nuestros servicios, garantizando la satisfacci\u00f3n del cliente. Calidad: Cumplimos con los m\u00e1s altos est\u00e1ndares en higiene y control de plagas, asegurando resultados efectivos y seguros. Flexibilidad: Nos adaptamos a las necesidades espec\u00edficas de cada cliente, ofreciendo soluciones personalizadas y \u00e1giles. Cuidado del Medio Ambiente: Comprometidos con pr\u00e1cticas sostenibles, implementamos un enfoque de\u00a0cero qu\u00edmicoen nuestros servicios, protegiendo tanto la salud de las personas como el entorno natural. Nuestra Historia Clean Life fue fundada por\u00a0Constanza D\u00edaz Hoffmann\u00a0en 2017, impulsada por la necesidad de ofrecer soluciones efectivas a las personas que enfrentaban dificultades con la limpieza de sus hogares. Comenzamos con tecnolog\u00eda vanguardista en limpieza de tapices y pisos, siempre buscando la mejor manera de facilitar la vida a nuestros clientes. A medida que crecimos, incorporamos tecnolog\u00edas innovadoras, como robots de limpieza de vidrios, para mejorar nuestros servicios. En 2021, mi marido,\u00a0Pablo Salgado G., se uni\u00f3 a la empresa, aportando su experiencia y apoyo en el negocio. Juntos, expandimos nuestras operaciones hacia la l\u00ednea industrial, estableciendo contratos con diversas empresas y a\u00f1adiendo una nueva l\u00ednea de negocio enfocada en\u00a0control de plagas. En 2022, decidimos transformar nuestro enfoque, pasando de un concepto tradicional de limpieza a uno m\u00e1s integral: la\u00a0higiene ambiental. Este cambio refleja nuestro compromiso con la innovaci\u00f3n y la sostenibilidad, buscando siempre productos que utilicen\u00a0cero qu\u00edmicos\u00a0y que cuiden tanto la salud de las personas como el medio ambiente. Nuestro Equipo Constanza Diaz Hoffmann CEO Fundadora Alejandra Moreira Diaz Directora Biob\u00edo Pablo Salgado Gomez Innovaci\u00f3n y Desarrollo<\/p>\n","protected":false},"author":1,"featured_media":0,"parent":0,"menu_order":0,"comment_status":"closed","ping_status":"closed","template":"elementor_canvas","meta":{"_joinchat":[],"footnotes":""},"class_list":["post-1146","page","type-page","status-publish","hentry"],"_links":{"self":[{"href":"https:\/\/cleanlife.cl\/index.php\/wp-json\/wp\/v2\/pages\/1146","targetHints":{"allow":["GET"]}}],"collection":[{"href":"https:\/\/cleanlife.cl\/index.php\/wp-json\/wp\/v2\/pages"}],"about":[{"href":"https:\/\/cleanlife.cl\/index.php\/wp-json\/wp\/v2\/types\/page"}],"author":[{"embeddable":true,"href":"https:\/\/cleanlife.cl\/index.php\/wp-json\/wp\/v2\/users\/1"}],"replies":[{"embeddable":true,"href":"https:\/\/cleanlife.cl\/index.php\/wp-json\/wp\/v2\/comments?post=1146"}],"version-history":[{"count":34,"href":"https:\/\/cleanlife.cl\/index.php\/wp-json\/wp\/v2\/pages\/1146\/revisions"}],"predecessor-version":[{"id":1482,"href":"https:\/\/cleanlife.cl\/index.php\/wp-json\/wp\/v2\/pages\/1146\/revisions\/1482"}],"wp:attachment":[{"href":"https:\/\/cleanlife.cl\/index.php\/wp-json\/wp\/v2\/media?parent=1146"}],"curies":[{"name":"wp","href":"https:\/\/api.w.org\/{rel}","templated":true}]}}